{"id":9330,"date":"2016-12-01T21:12:59","date_gmt":"2016-12-02T02:12:59","guid":{"rendered":"https:\/\/crossfire.network\/?post_type=product&#038;p=9330"},"modified":"2020-03-15T02:32:50","modified_gmt":"2020-03-15T06:32:50","slug":"copper","status":"publish","type":"product","link":"https:\/\/crossfire.network\/en\/product\/copper\/","title":{"rendered":"Versatile Copper"},"content":{"rendered":"<p><b>\u00bfA qui\u00e9n est\u00e1\u00a0dirigido?<\/b> Este plan es para empresas de servicios y hospitalidad que necesitan capacidades de reserva en su sitio web.<\/p>\n<p>Con el plan Versatile Copper, recibir\u00e1s 500 MB de almacenamiento para tu inventario, equivalente a aproximadamente 200 fotos (2.5MB cada una). Nuestra plantilla para reservas es simple, practico, funcional y f\u00e1cil de usar. La plataforma es ideal para poner en l\u00ednea su sistema de reservas e integrarse con el Calendario de Google.<\/p>\n<p>Nuestro Soporte T\u00e9cnico para este plan est\u00e1 disponible via email 24\/7, con respuesta en un lapso de 24 horas.<\/p>\n<p>*<em>$70 por mes si se cancela un a\u00f1o por adelantado. Todos los planes cuentan con un pago \u00fanico de integraci\u00f3n de <strong>$199<\/strong> no reembolsables.<\/em><\/p>\n<p><a class=\"single_add_to_cart_button button alt\" href=\"#hs-chat-open\">Conversemos<\/a><\/p>\n","protected":false},"excerpt":{"rendered":"<p><b>&#8211; 500 MB Almacenaje<\/b><\/p>\n<p>&#8211; Acceso a nuestra capacidad de reserva<\/p>\n<p>&#8211; Incluye 2 cuentas de Shop Manager<\/p>\n<p>&#8211; Respuesta de soporte en menos de 24 horas<\/p>\n<p><em><strong>Recuerda, nuestros planes incluyen:<\/strong><\/em><\/p>\n<ul>\n<li>Dominio<\/li>\n<li>Hosting en Google Cloud<\/li>\n<li>Certificado SSL<\/li>\n<li>Panel de Control<\/li>\n<li>Business email<\/li>\n<li>An\u00e1lisis inteligente<\/li>\n<li>Integraciones<\/li>\n<li>Carrito de compras<\/li>\n<li>Capacitaci\u00f3n virtual<\/li>\n<li>0% Comisi\u00f3n por ventas<\/li>\n<li>Soporte<\/li>\n<\/ul>\n<p><b><span style=\"color: #e91e63;\">$90\/mes o $840\/a\u00f1o*<\/span><\/b><\/p>\n","protected":false},"featured_media":0,"template":"","meta":{"site-sidebar-layout":"default","site-content-layout":"default","ast-site-content-layout":"default","site-content-style":"default","site-sidebar-style":"default","ast-global-header-display":"","ast-banner-title-visibility":"","ast-main-header-display":"","ast-hfb-above-header-display":"","ast-hfb-below-header-display":"","ast-hfb-mobile-header-display":"","site-post-title":"","ast-breadcrumbs-content":"","ast-featured-img":"","footer-sml-layout":"","ast-disable-related-posts":"","theme-transparent-header-meta":"default","adv-header-id-meta":"","stick-header-meta":"","header-above-stick-meta":"","header-main-stick-meta":"","header-below-stick-meta":"","astra-migrate-meta-layouts":"default","ast-page-background-enabled":"default","ast-page-background-meta":{"desktop":{"background-color":"","background-image":"","background-repeat":"repeat","background-position":"center center","background-size":"auto","background-attachment":"scroll","background-type":"","background-media":"","overlay-type":"","overlay-color":"","overlay-opacity":"","overlay-gradient":""},"tablet":{"background-color":"","background-image":"","background-repeat":"repeat","background-position":"center center","background-size":"auto","background-attachment":"scroll","background-type":"","background-media":"","overlay-type":"","overlay-color":"","overlay-opacity":"","overlay-gradient":""},"mobile":{"background-color":"","background-image":"","background-repeat":"repeat","background-position":"center center","background-size":"auto","background-attachment":"scroll","background-type":"","background-media":"","overlay-type":"","overlay-color":"","overlay-opacity":"","overlay-gradient":""}},"ast-content-background-meta":{"desktop":{"background-color":"var(--ast-global-color-5)","background-image":"","background-repeat":"repeat","background-position":"center center","background-size":"auto","background-attachment":"scroll","background-type":"","background-media":"","overlay-type":"","overlay-color":"","overlay-opacity":"","overlay-gradient":""},"tablet":{"background-color":"var(--ast-global-color-5)","background-image":"","background-repeat":"repeat","background-position":"center center","background-size":"auto","background-attachment":"scroll","background-type":"","background-media":"","overlay-type":"","overlay-color":"","overlay-opacity":"","overlay-gradient":""},"mobile":{"background-color":"var(--ast-global-color-5)","background-image":"","background-repeat":"repeat","background-position":"center center","background-size":"auto","background-attachment":"scroll","background-type":"","background-media":"","overlay-type":"","overlay-color":"","overlay-opacity":"","overlay-gradient":""}},"wds_primary_product_brand":0,"wds_primary_product_cat":0},"product_brand":[],"product_cat":[66],"product_tag":[],"class_list":{"0":"post-9330","1":"product","2":"type-product","3":"status-publish","5":"product_cat-booking","6":"desktop-align-left","7":"tablet-align-left","8":"mobile-align-left","10":"first","11":"instock","12":"taxable","13":"shipping-taxable","14":"product-type-external"},"_links":{"self":[{"href":"https:\/\/crossfire.network\/en\/wp-json\/wp\/v2\/product\/9330","targetHints":{"allow":["GET"]}}],"collection":[{"href":"https:\/\/crossfire.network\/en\/wp-json\/wp\/v2\/product"}],"about":[{"href":"https:\/\/crossfire.network\/en\/wp-json\/wp\/v2\/types\/product"}],"wp:attachment":[{"href":"https:\/\/crossfire.network\/en\/wp-json\/wp\/v2\/media?parent=9330"}],"wp:term":[{"taxonomy":"product_brand","embeddable":true,"href":"https:\/\/crossfire.network\/en\/wp-json\/wp\/v2\/product_brand?post=9330"},{"taxonomy":"product_cat","embeddable":true,"href":"https:\/\/crossfire.network\/en\/wp-json\/wp\/v2\/product_cat?post=9330"},{"taxonomy":"product_tag","embeddable":true,"href":"https:\/\/crossfire.network\/en\/wp-json\/wp\/v2\/product_tag?post=9330"}],"curies":[{"name":"wp","href":"https:\/\/api.w.org\/{rel}","templated":true}]}}